{"id":89,"date":"2022-05-06T10:21:32","date_gmt":"2022-05-06T10:21:32","guid":{"rendered":"https:\/\/staging.synplan.ch\/?page_id=89"},"modified":"2022-06-09T12:25:39","modified_gmt":"2022-06-09T10:25:39","slug":"team","status":"publish","type":"page","link":"https:\/\/staging.synplan.ch\/?page_id=89","title":{"rendered":"Team"},"content":{"rendered":"\t\t<div data-elementor-type=\"wp-page\" data-elementor-id=\"89\" class=\"elementor elementor-89\">\n\t\t\t\t\t\t\t\t\t<section class=\"elementor-section elementor-top-section elementor-element elementor-element-dcb8baf elementor-section-content-middle elementor-section-stretched elementor-section-boxed elementor-section-height-default elementor-section-height-default\" data-id=\"dcb8baf\" data-element_type=\"section\" data-settings=\"{&quot;stretch_section&quot;:&quot;section-stretched&quot;,&quot;background_background&quot;:&quot;classic&quot;}\">\n\t\t\t\t\t\t<div class=\"elementor-container elementor-column-gap-default\">\n\t\t\t\t\t<div class=\"elementor-column elementor-col-33 elementor-top-column elementor-element elementor-element-9406813\" data-id=\"9406813\" data-element_type=\"column\">\n\t\t\t<div class=\"elementor-widget-wrap elementor-element-populated\">\n\t\t\t\t\t\t\t\t<div class=\"elementor-element elementor-element-50b1685 elementor-widget elementor-widget-wpzoom-elementor-addons-team-members\" data-id=\"50b1685\" data-element_type=\"widget\" data-widget_type=\"wpzoom-elementor-addons-team-members.default\">\n\t\t\t\t<div class=\"elementor-widget-container\">\n\t\t\t\n\t\t\t\t\t<figure class=\"wpz-member-figure\">\n\t\t\t\t<img decoding=\"async\" src=\"https:\/\/i0.wp.com\/staging.synplan.ch\/wp-content\/uploads\/2022\/06\/bearbeitet1-scaled-e1654678264120.jpg?fit=200%2C300&amp;ssl=1\" title=\"Argjent Gashi\" alt=\"Argjent Gashi\" class=\"elementor-animation-disable-animation\" \/>\t\t\t<\/figure>\n\t\t\n\t\t<div class=\"wpz-member-body\">\n\t\t\t<h2 class=\"wpz-member-name\">Argjent Gashi<\/h2>\n\t\t\t\t\t\t\t<div class=\"wpz-member-position\">Gesch\u00e4ftsleitung<\/div>\n\t\t\t\n\t\t\t\t\t\t\t<div class=\"wpz-member-bio\">\n\t\t\t\t\t<p>Dipl. Techniker HF Geb\u00e4udetechnik Sanit\u00e4r <br \/>\nFachperson f\u00fcr Wasserl\u00f6schanlagen VKF <br \/>\nDipl. Techniker HF Geb\u00e4udetechnik Heizung i.A<\/p>\n\t\t\t\t<\/div>\n\t\t\t\n\t\t\t\n\t\t\t\t\t\t\t<div class=\"wpz-member-links\">\n\t\t\t\t\t<a target=\"_blank\" rel=\"noopener\" href=\"https:\/\/www.linkedin.com\/in\/argjent-gashi-827a75142\/\" class=\"elementor-repeater-item-75d5b6f\"><i class=\"fa-linkedin fab\" aria-hidden=\"true\"><\/i><\/a>\t\t\t\t<\/div>\n\t\t\t\n\t\t\t\t\t<\/div>\n\t\t\t\t<\/div>\n\t\t\t\t<\/div>\n\t\t\t\t\t<\/div>\n\t\t<\/div>\n\t\t\t\t<div class=\"elementor-column elementor-col-33 elementor-top-column elementor-element elementor-element-5279915\" data-id=\"5279915\" data-element_type=\"column\">\n\t\t\t<div class=\"elementor-widget-wrap elementor-element-populated\">\n\t\t\t\t\t\t\t\t<div class=\"elementor-element elementor-element-7fe6ec9 elementor-widget elementor-widget-wpzoom-elementor-addons-team-members\" data-id=\"7fe6ec9\" data-element_type=\"widget\" data-widget_type=\"wpzoom-elementor-addons-team-members.default\">\n\t\t\t\t<div class=\"elementor-widget-container\">\n\t\t\t\n\t\t\t\t\t<figure class=\"wpz-member-figure\">\n\t\t\t\t<img decoding=\"async\" src=\"https:\/\/i0.wp.com\/staging.synplan.ch\/wp-content\/uploads\/2022\/06\/bearbeitet2-scaled.jpg?fit=200%2C300&amp;ssl=1\" title=\"Bajram Kryeziu\" alt=\"Bajram Kryeziu\" class=\"elementor-animation-disable-animation\" \/>\t\t\t<\/figure>\n\t\t\n\t\t<div class=\"wpz-member-body\">\n\t\t\t<h2 class=\"wpz-member-name\">Bajram Kryeziu<\/h2>\n\t\t\t\t\t\t\t<div class=\"wpz-member-position\">Gesch\u00e4ftsleitung<\/div>\n\t\t\t\n\t\t\t\t\t\t\t<div class=\"wpz-member-bio\">\n\t\t\t\t\t<p>Dipl. Techniker HF Geb\u00e4udetechnik Sanit\u00e4r  <br \/>\nFachperson f\u00fcr Wasserl\u00f6schanlagen VKF <br \/><\/p>\n\t\t\t\t<\/div>\n\t\t\t\n\t\t\t\n\t\t\t\t\t\t\t<div class=\"wpz-member-links\">\n\t\t\t\t\t<a target=\"_blank\" rel=\"noopener\" href=\"https:\/\/www.linkedin.com\/in\/bajram-kryeziu-40b867156\/\" class=\"elementor-repeater-item-75d5b6f\"><i class=\"fa-linkedin fab\" aria-hidden=\"true\"><\/i><\/a>\t\t\t\t<\/div>\n\t\t\t\n\t\t\t\t\t<\/div>\n\t\t\t\t<\/div>\n\t\t\t\t<\/div>\n\t\t\t\t\t<\/div>\n\t\t<\/div>\n\t\t\t\t<div class=\"elementor-column elementor-col-33 elementor-top-column elementor-element elementor-element-f233410\" data-id=\"f233410\" data-element_type=\"column\">\n\t\t\t<div class=\"elementor-widget-wrap elementor-element-populated\">\n\t\t\t\t\t\t\t\t<div class=\"elementor-element elementor-element-f806786 elementor-widget elementor-widget-wpzoom-elementor-addons-team-members\" data-id=\"f806786\" data-element_type=\"widget\" data-widget_type=\"wpzoom-elementor-addons-team-members.default\">\n\t\t\t\t<div class=\"elementor-widget-container\">\n\t\t\t\n\t\t\t\t\t<figure class=\"wpz-member-figure\">\n\t\t\t\t<img decoding=\"async\" src=\"https:\/\/i0.wp.com\/staging.synplan.ch\/wp-content\/uploads\/2022\/06\/mann.png?fit=200%2C300&amp;ssl=1\" title=\"Du?\" alt=\"Du?\" class=\"elementor-animation-disable-animation\" \/>\t\t\t<\/figure>\n\t\t\n\t\t<div class=\"wpz-member-body\">\n\t\t\t<h2 class=\"wpz-member-name\">Wir suchen Verst\u00e4rkung<\/h2>\n\t\t\t\n\t\t\t\t\t\t\t<div class=\"wpz-member-bio\">\n\t\t\t\t\t<p>Bewerbe Dich jetzt unter <a href=\"mailto:info@synplan.ch\">info@synplan.ch<\/a> <br><\/br> <br><\/br><br><\/br><\/p>\n\t\t\t\t<\/div>\n\t\t\t\n\t\t\t\n\t\t\t\n\t\t\t\t\t<\/div>\n\t\t\t\t<\/div>\n\t\t\t\t<\/div>\n\t\t\t\t\t<\/div>\n\t\t<\/div>\n\t\t\t\t\t\t\t<\/div>\n\t\t<\/section>\n\t\t\t\t<section class=\"elementor-section elementor-top-section elementor-element elementor-element-613feea elementor-section-boxed elementor-section-height-default elementor-section-height-default\" data-id=\"613feea\" data-element_type=\"section\">\n\t\t\t\t\t\t<div class=\"elementor-container elementor-column-gap-default\">\n\t\t\t\t\t<div class=\"elementor-column elementor-col-100 elementor-top-column elementor-element elementor-element-3a4ca6e\" data-id=\"3a4ca6e\" data-element_type=\"column\">\n\t\t\t<div class=\"elementor-widget-wrap elementor-element-populated\">\n\t\t\t\t\t\t\t\t<div class=\"elementor-element elementor-element-579adf2 elementor-widget elementor-widget-spacer\" data-id=\"579adf2\" data-element_type=\"widget\" data-widget_type=\"spacer.default\">\n\t\t\t\t<div class=\"elementor-widget-container\">\n\t\t\t<style>\/*! elementor - v3.6.6 - 08-06-2022 *\/\n.e-container.e-container--row .elementor-spacer-inner{width:var(--spacer-size)}.e-container.e-container--column .elementor-spacer-inner,.elementor-column .elementor-spacer-inner{height:var(--spacer-size)}<\/style>\t\t<div class=\"elementor-spacer\">\n\t\t\t<div class=\"elementor-spacer-inner\"><\/div>\n\t\t<\/div>\n\t\t\t\t<\/div>\n\t\t\t\t<\/div>\n\t\t\t\t\t<\/div>\n\t\t<\/div>\n\t\t\t\t\t\t\t<\/div>\n\t\t<\/section>\n\t\t\t\t<section class=\"elementor-section elementor-top-section elementor-element elementor-element-5500d97 elementor-section-boxed elementor-section-height-default elementor-section-height-default elementor-invisible\" data-id=\"5500d97\" data-element_type=\"section\" data-settings=\"{&quot;animation&quot;:&quot;fadeInUp&quot;}\">\n\t\t\t\t\t\t<div class=\"elementor-container elementor-column-gap-default\">\n\t\t\t\t\t<div class=\"elementor-column elementor-col-50 elementor-top-column elementor-element elementor-element-62f4a9b\" data-id=\"62f4a9b\" data-element_type=\"column\">\n\t\t\t<div class=\"elementor-widget-wrap elementor-element-populated\">\n\t\t\t\t\t\t\t\t<div class=\"elementor-element elementor-element-8d48740 elementor-widget elementor-widget-heading\" data-id=\"8d48740\" data-element_type=\"widget\" data-widget_type=\"heading.default\">\n\t\t\t\t<div class=\"elementor-widget-container\">\n\t\t\t<style>\/*! elementor - v3.6.6 - 08-06-2022 *\/\n.elementor-heading-title{padding:0;margin:0;line-height:1}.elementor-widget-heading .elementor-heading-title[class*=elementor-size-]>a{color:inherit;font-size:inherit;line-height:inherit}.elementor-widget-heading .elementor-heading-title.elementor-size-small{font-size:15px}.elementor-widget-heading .elementor-heading-title.elementor-size-medium{font-size:19px}.elementor-widget-heading .elementor-heading-title.elementor-size-large{font-size:29px}.elementor-widget-heading .elementor-heading-title.elementor-size-xl{font-size:39px}.elementor-widget-heading .elementor-heading-title.elementor-size-xxl{font-size:59px}<\/style><h2 class=\"elementor-heading-title elementor-size-large\">Kontakt<\/h2>\t\t<\/div>\n\t\t\t\t<\/div>\n\t\t\t\t<div class=\"elementor-element elementor-element-c9fa8eb elementor-widget elementor-widget-text-editor\" data-id=\"c9fa8eb\" data-element_type=\"widget\" data-widget_type=\"text-editor.default\">\n\t\t\t\t<div class=\"elementor-widget-container\">\n\t\t\t<style>\/*! elementor - v3.6.6 - 08-06-2022 *\/\n.elementor-widget-text-editor.elementor-drop-cap-view-stacked .elementor-drop-cap{background-color:#818a91;color:#fff}.elementor-widget-text-editor.elementor-drop-cap-view-framed .elementor-drop-cap{color:#818a91;border:3px solid;background-color:transparent}.elementor-widget-text-editor:not(.elementor-drop-cap-view-default) .elementor-drop-cap{margin-top:8px}.elementor-widget-text-editor:not(.elementor-drop-cap-view-default) .elementor-drop-cap-letter{width:1em;height:1em}.elementor-widget-text-editor .elementor-drop-cap{float:left;text-align:center;line-height:1;font-size:50px}.elementor-widget-text-editor .elementor-drop-cap-letter{display:inline-block}<\/style>\t\t\t\t<p><strong><span style=\"font-size: 16px;\">Z\u00fcrcherstrasse 133<br \/><\/span><\/strong><strong>8952 Schlieren<\/strong><\/p><div><p>Tel \u00a0 \u00a0+41 44 512 12 40<br \/>Mail \u00a0<a href=\"mailto:info@synplan.ch\">info@synplan.ch<\/a><\/p><\/div>\t\t\t\t\t\t<\/div>\n\t\t\t\t<\/div>\n\t\t\t\t\t<\/div>\n\t\t<\/div>\n\t\t\t\t<div class=\"elementor-column elementor-col-50 elementor-top-column elementor-element elementor-element-3896710\" data-id=\"3896710\" data-element_type=\"column\">\n\t\t\t<div class=\"elementor-widget-wrap elementor-element-populated\">\n\t\t\t\t\t\t\t\t<div class=\"elementor-element elementor-element-4b402e0 elementor-widget elementor-widget-google_maps\" data-id=\"4b402e0\" data-element_type=\"widget\" data-widget_type=\"google_maps.default\">\n\t\t\t\t<div class=\"elementor-widget-container\">\n\t\t\t<style>\/*! elementor - v3.6.6 - 08-06-2022 *\/\n.elementor-widget-google_maps .elementor-widget-container{overflow:hidden}.elementor-widget-google_maps iframe{height:300px}<\/style>\t\t<div class=\"elementor-custom-embed\">\n\t\t\t<iframe frameborder=\"0\" scrolling=\"no\" marginheight=\"0\" marginwidth=\"0\"\n\t\t\t\t\tsrc=\"https:\/\/maps.google.com\/maps?q=Z%C3%BCrcherstrasse%20133%2C%208952%20Schlieren&#038;t=m&#038;z=13&#038;output=embed&#038;iwloc=near\"\n\t\t\t\t\ttitle=\"Z\u00fcrcherstrasse 133, 8952 Schlieren\"\n\t\t\t\t\taria-label=\"Z\u00fcrcherstrasse 133, 8952 Schlieren\"\n\t\t\t><\/iframe>\n\t\t<\/div>\n\t\t\t\t<\/div>\n\t\t\t\t<\/div>\n\t\t\t\t\t<\/div>\n\t\t<\/div>\n\t\t\t\t\t\t\t<\/div>\n\t\t<\/section>\n\t\t\t\t<section class=\"elementor-section elementor-top-section elementor-element elementor-element-d5c91ce elementor-section-boxed elementor-section-height-default elementor-section-height-default\" data-id=\"d5c91ce\" data-element_type=\"section\">\n\t\t\t\t\t\t<div class=\"elementor-container elementor-column-gap-default\">\n\t\t\t\t\t<div class=\"elementor-column elementor-col-100 elementor-top-column elementor-element elementor-element-d2f3e56\" data-id=\"d2f3e56\" data-element_type=\"column\">\n\t\t\t<div class=\"elementor-widget-wrap elementor-element-populated\">\n\t\t\t\t\t\t\t\t<div class=\"elementor-element elementor-element-4f2f4ea elementor-widget elementor-widget-spacer\" data-id=\"4f2f4ea\" data-element_type=\"widget\" data-widget_type=\"spacer.default\">\n\t\t\t\t<div class=\"elementor-widget-container\">\n\t\t\t\t\t<div class=\"elementor-spacer\">\n\t\t\t<div class=\"elementor-spacer-inner\"><\/div>\n\t\t<\/div>\n\t\t\t\t<\/div>\n\t\t\t\t<\/div>\n\t\t\t\t\t<\/div>\n\t\t<\/div>\n\t\t\t\t\t\t\t<\/div>\n\t\t<\/section>\n\t\t\t\t\t\t\t<\/div>\n\t\t","protected":false},"excerpt":{"rendered":"<p>Argjent Gashi Gesch\u00e4ftsleitung Dipl. Techniker HF Geb\u00e4udetechnik Sanit\u00e4r Fachperson f\u00fcr Wasserl\u00f6schanlagen VKF Dipl. Techniker HF Geb\u00e4udetechnik Heizung i.A Bajram Kryeziu Gesch\u00e4ftsleitung Dipl. Techniker HF Geb\u00e4udetechnik Sanit\u00e4r Fachperson f\u00fcr Wasserl\u00f6schanlagen VKF Wir suchen Verst\u00e4rkung Bewerbe Dich jetzt unter info@synplan.ch Kontakt Z\u00fcrcherstrasse 1338952 Schlieren Tel \u00a0 \u00a0+41 44 512 12 40Mail \u00a0info@synplan.ch<\/p>\n","protected":false},"author":1,"featured_media":0,"parent":0,"menu_order":0,"comment_status":"closed","ping_status":"closed","template":"","meta":{"inline_featured_image":false,"footnotes":""},"class_list":["post-89","page","type-page","status-publish","hentry"],"yoast_head":"<!-- This site is optimized with the Yoast SEO plugin v19.0 - https:\/\/yoast.com\/wordpress\/plugins\/seo\/ -->\n<title>Team - synplan - Geb\u00e4udetechnik<\/title>\n<meta name=\"robots\" content=\"index, follow, max-snippet:-1, max-image-preview:large, max-video-preview:-1\" \/>\n<link rel=\"canonical\" href=\"https:\/\/staging.synplan.ch\/?page_id=89\" \/>\n<meta property=\"og:locale\" content=\"de_DE\" \/>\n<meta property=\"og:type\" content=\"article\" \/>\n<meta property=\"og:title\" content=\"Team - synplan - Geb\u00e4udetechnik\" \/>\n<meta property=\"og:description\" content=\"Argjent Gashi Gesch\u00e4ftsleitung Dipl. Techniker HF Geb\u00e4udetechnik Sanit\u00e4r Fachperson f\u00fcr Wasserl\u00f6schanlagen VKF Dipl. Techniker HF Geb\u00e4udetechnik Heizung i.A Bajram Kryeziu Gesch\u00e4ftsleitung Dipl. Techniker HF Geb\u00e4udetechnik Sanit\u00e4r Fachperson f\u00fcr Wasserl\u00f6schanlagen VKF Wir suchen Verst\u00e4rkung Bewerbe Dich jetzt unter info@synplan.ch Kontakt Z\u00fcrcherstrasse 1338952 Schlieren Tel \u00a0 \u00a0+41 44 512 12 40Mail \u00a0info@synplan.ch\" \/>\n<meta property=\"og:url\" content=\"https:\/\/staging.synplan.ch\/?page_id=89\" \/>\n<meta property=\"og:site_name\" content=\"synplan - Geb\u00e4udetechnik\" \/>\n<meta property=\"article:modified_time\" content=\"2022-06-09T10:25:39+00:00\" \/>\n<meta property=\"og:image\" content=\"https:\/\/staging.synplan.ch\/wp-content\/uploads\/elementor\/thumbs\/bearbeitet1-scaled-e1654678264120-pq07151hfmdjh654nxyx3nmnvxgv6z9kr9gfuva1mg.jpg\" \/>\n<meta name=\"twitter:card\" content=\"summary_large_image\" \/>\n<meta name=\"twitter:label1\" content=\"Gesch\u00e4tzte Lesezeit\" \/>\n\t<meta name=\"twitter:data1\" content=\"1\u00a0Minute\" \/>\n<script type=\"application\/ld+json\" class=\"yoast-schema-graph\">{\"@context\":\"https:\/\/schema.org\",\"@graph\":[{\"@type\":\"WebSite\",\"@id\":\"https:\/\/staging.synplan.ch\/#website\",\"url\":\"https:\/\/staging.synplan.ch\/\",\"name\":\"synplan - Geb\u00e4udetechnik\",\"description\":\"Gemeinsam planen\",\"potentialAction\":[{\"@type\":\"SearchAction\",\"target\":{\"@type\":\"EntryPoint\",\"urlTemplate\":\"https:\/\/staging.synplan.ch\/?s={search_term_string}\"},\"query-input\":\"required name=search_term_string\"}],\"inLanguage\":\"de\"},{\"@type\":\"ImageObject\",\"inLanguage\":\"de\",\"@id\":\"https:\/\/staging.synplan.ch\/?page_id=89#primaryimage\",\"url\":\"https:\/\/staging.synplan.ch\/wp-content\/uploads\/elementor\/thumbs\/bearbeitet1-scaled-e1654678264120-pq07151hfmdjh654nxyx3nmnvxgv6z9kr9gfuva1mg.jpg\",\"contentUrl\":\"https:\/\/staging.synplan.ch\/wp-content\/uploads\/elementor\/thumbs\/bearbeitet1-scaled-e1654678264120-pq07151hfmdjh654nxyx3nmnvxgv6z9kr9gfuva1mg.jpg\"},{\"@type\":\"WebPage\",\"@id\":\"https:\/\/staging.synplan.ch\/?page_id=89#webpage\",\"url\":\"https:\/\/staging.synplan.ch\/?page_id=89\",\"name\":\"Team - synplan - Geb\u00e4udetechnik\",\"isPartOf\":{\"@id\":\"https:\/\/staging.synplan.ch\/#website\"},\"primaryImageOfPage\":{\"@id\":\"https:\/\/staging.synplan.ch\/?page_id=89#primaryimage\"},\"datePublished\":\"2022-05-06T10:21:32+00:00\",\"dateModified\":\"2022-06-09T10:25:39+00:00\",\"breadcrumb\":{\"@id\":\"https:\/\/staging.synplan.ch\/?page_id=89#breadcrumb\"},\"inLanguage\":\"de\",\"potentialAction\":[{\"@type\":\"ReadAction\",\"target\":[\"https:\/\/staging.synplan.ch\/?page_id=89\"]}]},{\"@type\":\"BreadcrumbList\",\"@id\":\"https:\/\/staging.synplan.ch\/?page_id=89#breadcrumb\",\"itemListElement\":[{\"@type\":\"ListItem\",\"position\":1,\"name\":\"Startseite\",\"item\":\"https:\/\/staging.synplan.ch\/\"},{\"@type\":\"ListItem\",\"position\":2,\"name\":\"Team\"}]}]}<\/script>\n<!-- \/ Yoast SEO plugin. -->","yoast_head_json":{"title":"Team - synplan - Geb\u00e4udetechnik","robots":{"index":"index","follow":"follow","max-snippet":"max-snippet:-1","max-image-preview":"max-image-preview:large","max-video-preview":"max-video-preview:-1"},"canonical":"https:\/\/staging.synplan.ch\/?page_id=89","og_locale":"de_DE","og_type":"article","og_title":"Team - synplan - Geb\u00e4udetechnik","og_description":"Argjent Gashi Gesch\u00e4ftsleitung Dipl. Techniker HF Geb\u00e4udetechnik Sanit\u00e4r Fachperson f\u00fcr Wasserl\u00f6schanlagen VKF Dipl. Techniker HF Geb\u00e4udetechnik Heizung i.A Bajram Kryeziu Gesch\u00e4ftsleitung Dipl. Techniker HF Geb\u00e4udetechnik Sanit\u00e4r Fachperson f\u00fcr Wasserl\u00f6schanlagen VKF Wir suchen Verst\u00e4rkung Bewerbe Dich jetzt unter info@synplan.ch Kontakt Z\u00fcrcherstrasse 1338952 Schlieren Tel \u00a0 \u00a0+41 44 512 12 40Mail \u00a0info@synplan.ch","og_url":"https:\/\/staging.synplan.ch\/?page_id=89","og_site_name":"synplan - Geb\u00e4udetechnik","article_modified_time":"2022-06-09T10:25:39+00:00","og_image":[{"url":"https:\/\/staging.synplan.ch\/wp-content\/uploads\/elementor\/thumbs\/bearbeitet1-scaled-e1654678264120-pq07151hfmdjh654nxyx3nmnvxgv6z9kr9gfuva1mg.jpg"}],"twitter_card":"summary_large_image","twitter_misc":{"Gesch\u00e4tzte Lesezeit":"1\u00a0Minute"},"schema":{"@context":"https:\/\/schema.org","@graph":[{"@type":"WebSite","@id":"https:\/\/staging.synplan.ch\/#website","url":"https:\/\/staging.synplan.ch\/","name":"synplan - Geb\u00e4udetechnik","description":"Gemeinsam planen","potentialAction":[{"@type":"SearchAction","target":{"@type":"EntryPoint","urlTemplate":"https:\/\/staging.synplan.ch\/?s={search_term_string}"},"query-input":"required name=search_term_string"}],"inLanguage":"de"},{"@type":"ImageObject","inLanguage":"de","@id":"https:\/\/staging.synplan.ch\/?page_id=89#primaryimage","url":"https:\/\/staging.synplan.ch\/wp-content\/uploads\/elementor\/thumbs\/bearbeitet1-scaled-e1654678264120-pq07151hfmdjh654nxyx3nmnvxgv6z9kr9gfuva1mg.jpg","contentUrl":"https:\/\/staging.synplan.ch\/wp-content\/uploads\/elementor\/thumbs\/bearbeitet1-scaled-e1654678264120-pq07151hfmdjh654nxyx3nmnvxgv6z9kr9gfuva1mg.jpg"},{"@type":"WebPage","@id":"https:\/\/staging.synplan.ch\/?page_id=89#webpage","url":"https:\/\/staging.synplan.ch\/?page_id=89","name":"Team - synplan - Geb\u00e4udetechnik","isPartOf":{"@id":"https:\/\/staging.synplan.ch\/#website"},"primaryImageOfPage":{"@id":"https:\/\/staging.synplan.ch\/?page_id=89#primaryimage"},"datePublished":"2022-05-06T10:21:32+00:00","dateModified":"2022-06-09T10:25:39+00:00","breadcrumb":{"@id":"https:\/\/staging.synplan.ch\/?page_id=89#breadcrumb"},"inLanguage":"de","potentialAction":[{"@type":"ReadAction","target":["https:\/\/staging.synplan.ch\/?page_id=89"]}]},{"@type":"BreadcrumbList","@id":"https:\/\/staging.synplan.ch\/?page_id=89#breadcrumb","itemListElement":[{"@type":"ListItem","position":1,"name":"Startseite","item":"https:\/\/staging.synplan.ch\/"},{"@type":"ListItem","position":2,"name":"Team"}]}]}},"jetpack_sharing_enabled":true,"featured_media_urls":[],"_links":{"self":[{"href":"https:\/\/staging.synplan.ch\/index.php?rest_route=\/wp\/v2\/pages\/89","targetHints":{"allow":["GET"]}}],"collection":[{"href":"https:\/\/staging.synplan.ch\/index.php?rest_route=\/wp\/v2\/pages"}],"about":[{"href":"https:\/\/staging.synplan.ch\/index.php?rest_route=\/wp\/v2\/types\/page"}],"author":[{"embeddable":true,"href":"https:\/\/staging.synplan.ch\/index.php?rest_route=\/wp\/v2\/users\/1"}],"replies":[{"embeddable":true,"href":"https:\/\/staging.synplan.ch\/index.php?rest_route=%2Fwp%2Fv2%2Fcomments&post=89"}],"version-history":[{"count":82,"href":"https:\/\/staging.synplan.ch\/index.php?rest_route=\/wp\/v2\/pages\/89\/revisions"}],"predecessor-version":[{"id":802,"href":"https:\/\/staging.synplan.ch\/index.php?rest_route=\/wp\/v2\/pages\/89\/revisions\/802"}],"wp:attachment":[{"href":"https:\/\/staging.synplan.ch\/index.php?rest_route=%2Fwp%2Fv2%2Fmedia&parent=89"}],"curies":[{"name":"wp","href":"https:\/\/api.w.org\/{rel}","templated":true}]}}